{"id":34,"date":"2023-05-19T06:20:51","date_gmt":"2023-05-19T04:20:51","guid":{"rendered":"https:\/\/piccolostudio.live-website.com\/?page_id=34"},"modified":"2025-09-18T11:11:25","modified_gmt":"2025-09-18T09:11:25","slug":"piccolo-studio","status":"publish","type":"page","link":"https:\/\/piccolo-studio.com\/es\/","title":{"rendered":"Piccolo Studio"},"content":{"rendered":"<div class=\"wp-block-image piccolo-logo\">\n<figure class=\"aligncenter size-full is-resized\" id=\"piccolo-studio\"><img loading=\"lazy\" decoding=\"async\" width=\"580\" height=\"350\" src=\"https:\/\/piccolo-studio.com\/wp-content\/uploads\/2023\/05\/Piccolo_logo.png\" alt=\"\" class=\"wp-image-115\" style=\"width:290px;height:175px\" srcset=\"https:\/\/piccolo-studio.com\/wp-content\/uploads\/2023\/05\/Piccolo_logo.png 580w, https:\/\/piccolo-studio.com\/wp-content\/uploads\/2023\/05\/Piccolo_logo-300x181.png 300w, https:\/\/piccolo-studio.com\/wp-content\/uploads\/2023\/05\/Piccolo_logo-331x200.png 331w\" sizes=\"auto, (max-width: 580px) 100vw, 580px\" \/><\/figure>\n<\/div>\n\n\n<p class=\"has-text-align-center\"><\/p>\n\n\n\n<p class=\"has-text-align-center\"><em>Los tres fundadores de <strong>Piccolo Studio<\/strong> llevamos 25 a\u00f1os juntos, trabajando desde la soleada Barcelona.<br>Hemos desarrollado experiencias interactivas para grandes marcas de todo el mundo durante a\u00f1os, 18 de ellos a trav\u00e9s de nuestra propia empresa.<\/em><\/p>\n\n\n\n<p class=\"has-text-align-center\"><em>Hacer videojuegos siempre hab\u00eda sido un sue\u00f1o de infancia, as\u00ed que fuimos a por ello.<br>Empezar de cero en una industria arriesgada era un acto de fe, algo que mucha gente nos aconsej\u00f3 no hacer, pero busc\u00e1bamos esa chispa que faltaba en nuestras vidas. Si fracasas, al menos fracasa haciendo lo que te gusta.<\/em><\/p>\n\n\n\n<p class=\"has-text-align-center\"><em>No ten\u00edamos mucha experiencia, as\u00ed que reclutamos a algunos veteranos con talento de la escena espa\u00f1ola que compart\u00edan nuestra visi\u00f3n rom\u00e1ntica de los videojuegos. Decimos que no hacemos videojuegos, sino que los manufacturamos. Por eso nuestro logo muestra una aguja y un hilo.<\/em><\/p>\n\n\n\n<p class=\"has-text-align-center\"><em><strong>Esperamos encontrarnos con vosotros muchas veces a lo largo de nuestro viaje.<\/strong><\/em><\/p>","protected":false},"excerpt":{"rendered":"<p>The three founders of Piccolo Studio have been together for 25 years, working from sunny Barcelona.We developed interactive experiences for big brands worldwide for years, 18 of&hellip; <span class=\"read-more\"><a class=\"more-link\" href=\"https:\/\/piccolo-studio.com\/es\/\" rel=\"bookmark\">Leer m\u00e1s <span class=\"screen-reader-text\">&#8220;Piccolo Studio&#8221;<\/span><\/a><\/span><\/p>","protected":false},"author":1,"featured_media":122,"parent":0,"menu_order":0,"comment_status":"closed","ping_status":"closed","template":"page-templates\/template-full-width.php","meta":{"footnotes":""},"class_list":["post-34","page","type-page","status-publish","has-post-thumbnail","hentry","pique-template-full-width"],"jetpack_sharing_enabled":true,"_links":{"self":[{"href":"https:\/\/piccolo-studio.com\/es\/wp-json\/wp\/v2\/pages\/34","targetHints":{"allow":["GET"]}}],"collection":[{"href":"https:\/\/piccolo-studio.com\/es\/wp-json\/wp\/v2\/pages"}],"about":[{"href":"https:\/\/piccolo-studio.com\/es\/wp-json\/wp\/v2\/types\/page"}],"author":[{"embeddable":true,"href":"https:\/\/piccolo-studio.com\/es\/wp-json\/wp\/v2\/users\/1"}],"replies":[{"embeddable":true,"href":"https:\/\/piccolo-studio.com\/es\/wp-json\/wp\/v2\/comments?post=34"}],"version-history":[{"count":12,"href":"https:\/\/piccolo-studio.com\/es\/wp-json\/wp\/v2\/pages\/34\/revisions"}],"predecessor-version":[{"id":456,"href":"https:\/\/piccolo-studio.com\/es\/wp-json\/wp\/v2\/pages\/34\/revisions\/456"}],"wp:featuredmedia":[{"embeddable":true,"href":"https:\/\/piccolo-studio.com\/es\/wp-json\/wp\/v2\/media\/122"}],"wp:attachment":[{"href":"https:\/\/piccolo-studio.com\/es\/wp-json\/wp\/v2\/media?parent=34"}],"curies":[{"name":"wp","href":"https:\/\/api.w.org\/{rel}","templated":true}]}}