{"id":311,"date":"2023-09-19T11:52:45","date_gmt":"2023-09-19T09:52:45","guid":{"rendered":"https:\/\/piccolo-studio.com\/?page_id=311"},"modified":"2023-09-19T12:07:47","modified_gmt":"2023-09-19T10:07:47","slug":"piccolo-tools","status":"publish","type":"page","link":"https:\/\/piccolo-studio.com\/es\/piccolo-tools","title":{"rendered":"Piccolo Tools 2.0"},"content":{"rendered":"<p>PICCOLO TOOLS 2.0 ha supuesto un gran avance para la compa\u00f1\u00eda, dado que las herramientas aqu\u00ed dise\u00f1adas han sido implementadas en el \u00faltimo videojuego de la compa\u00f1\u00eda, AFTER US.<br>Las herramientas obtenidas son las siguientes:<\/p>\n\n\n\n<ul class=\"wp-block-list\">\n<li>Creaci\u00f3n de marcado a objetos para su posible adhesi\u00f3n o sustracci\u00f3n cuando entran en contacto con otros elementos. Pudiendo extrapolar una superficie especifica, ya trabajada, en la cantidad de escenarios deseada.<\/li>\n\n\n\n<li>Separaci\u00f3n de la interacci\u00f3n del viento con cada objeto en espec\u00edfico, de manera que obtiene un comportamiento \u00fanico seg\u00fan sus caracter\u00edsticas.<\/li>\n\n\n\n<li>Sistema hibrido de simulaci\u00f3n de cabello que permite el tratamiento individual de cada uno, dotando de una fluidez y realismo \u00fanico.<\/li>\n\n\n\n<li>Sistema de vegetaci\u00f3n adaptada al entorno en tiempo real. <\/li>\n<\/ul>\n\n\n\n<p>Con dichas herramientas, se consigue un avance tecnol\u00f3gico en el \u00e1mbito de los videojuegos considerable. La experiencia de realidad que dotar\u00e1n en su conjunto, dentro de una historia \u00fanica, podr\u00e1n ofrecer al usuario una sensibilidad y una cantidad de emociones digna de un videojuego innovador en el mercado.<\/p>\n\n\n\n<p>Estas herramientas pueden ser utilizadas en otros videojuegos y en otros escenarios, y el gran valor a\u00f1adido de las mismas consiste en poder hacerlas interactuar entre si en diversos mapas, localidades y escenarios.<\/p>\n\n\n\n<figure class=\"wp-block-table aligncenter has-small-font-size\"><table class=\"has-white-background-color has-background\"><tbody><tr><td class=\"has-text-align-center\" data-align=\"center\"><img decoding=\"async\" style=\"width: 280px;\" src=\"https:\/\/piccolo-studio.com\/wp-content\/uploads\/2023\/09\/logo-sedia-1.png\" alt=\"\"><img decoding=\"async\" style=\"width: 200px;\" src=\"https:\/\/piccolo-studio.com\/wp-content\/uploads\/2023\/09\/logo-next-generation.jpg\" alt=\"\"><img decoding=\"async\" style=\"width: 150px;\" src=\"https:\/\/piccolo-studio.com\/wp-content\/uploads\/2023\/09\/logo-prtr.jpg\" alt=\"\"><img decoding=\"async\" style=\"width: 160px;\" src=\"https:\/\/piccolo-studio.com\/wp-content\/uploads\/2023\/09\/logo-red.png\" alt=\"\"><\/td><\/tr><tr><td class=\"has-text-align-center\" data-align=\"center\"><strong>CONVOCATORIA DE AYUDAS 2020 PARA EL DESARROLLO DE LA OFERTA TECNOL\u00d3GICA EN<br>CONTENIDOS DIGITALES EN EL MARCO DE LA ACCI\u00d3N ESTRAT\u00c9GICA DE ECONOM\u00cdA Y SOCIEDAD<br>DIGITAL DEL PROGRAMA ESTATAL DE I+D+i ORIENTADA A RETOS DE LA SOCIEDAD Y DEL PROGRAMA<br>ESTATAL DE LIDERAZGO EMPRESARIAL EN I+D+i.<\/strong><\/td><\/tr><tr><td class=\"has-text-align-left\" data-align=\"left\">Proyecto financiado por el Fondo Europeo de Desarrollo Regional (FEDER) de la Uni\u00f3n Europea, coordinada y gestionada por RED.es, con el objetivo llevar a cabo el desarrollo del emprendimiento tecnol\u00f3gico y la demanda tecnol\u00f3gica en contenidos digitales, dentro del marco de la Acci\u00f3n Estrat\u00e9gica de Econom\u00eda y Sociedad Digital del Programa Estatal de I+D+i orientada a retos de la sociedad.<br><br><strong>Descripci\u00f3n del proyecto:<br>PICCOLO STUDIO, S.L.: Desarrollo experimental de una suite de herramientas y paralelamente, en la creaci\u00f3n de contenidos digitales espec\u00edficos del segundo videojuego del estudio (AFTER US) para validar la operabilidad de dichas herramientas.<\/strong><br><br><strong>Expediente n\u00ba: 2020\/0820\/00100121<br>Inversi\u00f3n total: 654.745,52\u20ac<br>Importe de la ayuda: 294.635,48\u20ac<\/strong><\/td><\/tr><tr><td class=\"has-text-align-center\" data-align=\"center\"><img decoding=\"async\" style=\"width: 200px;\" src=\"https:\/\/piccolo-studio.com\/wp-content\/uploads\/2023\/09\/logo_ue.png\" alt=\"\"><\/td><\/tr><\/tbody><\/table><\/figure>","protected":false},"excerpt":{"rendered":"<p>PICCOLO TOOLS 2.0 has been a breakthrough for the company, since the tools designed here have been implemented in the company&#8217;s last video game, AFTER US.The tools&hellip; <span class=\"read-more\"><a class=\"more-link\" href=\"https:\/\/piccolo-studio.com\/es\/piccolo-tools\" rel=\"bookmark\">Leer m\u00e1s <span class=\"screen-reader-text\">&#8220;Piccolo Tools 2.0&#8221;<\/span><\/a><\/span><\/p>","protected":false},"author":1,"featured_media":221,"parent":0,"menu_order":0,"comment_status":"closed","ping_status":"closed","template":"","meta":{"footnotes":""},"class_list":["post-311","page","type-page","status-publish","has-post-thumbnail","hentry"],"jetpack_sharing_enabled":true,"_links":{"self":[{"href":"https:\/\/piccolo-studio.com\/es\/wp-json\/wp\/v2\/pages\/311","targetHints":{"allow":["GET"]}}],"collection":[{"href":"https:\/\/piccolo-studio.com\/es\/wp-json\/wp\/v2\/pages"}],"about":[{"href":"https:\/\/piccolo-studio.com\/es\/wp-json\/wp\/v2\/types\/page"}],"author":[{"embeddable":true,"href":"https:\/\/piccolo-studio.com\/es\/wp-json\/wp\/v2\/users\/1"}],"replies":[{"embeddable":true,"href":"https:\/\/piccolo-studio.com\/es\/wp-json\/wp\/v2\/comments?post=311"}],"version-history":[{"count":15,"href":"https:\/\/piccolo-studio.com\/es\/wp-json\/wp\/v2\/pages\/311\/revisions"}],"predecessor-version":[{"id":339,"href":"https:\/\/piccolo-studio.com\/es\/wp-json\/wp\/v2\/pages\/311\/revisions\/339"}],"wp:featuredmedia":[{"embeddable":true,"href":"https:\/\/piccolo-studio.com\/es\/wp-json\/wp\/v2\/media\/221"}],"wp:attachment":[{"href":"https:\/\/piccolo-studio.com\/es\/wp-json\/wp\/v2\/media?parent=311"}],"curies":[{"name":"wp","href":"https:\/\/api.w.org\/{rel}","templated":true}]}}