{"id":208,"date":"2023-05-19T16:37:15","date_gmt":"2023-05-19T14:37:15","guid":{"rendered":"https:\/\/piccolostudio.live-website.com\/?page_id=208"},"modified":"2023-05-22T11:33:41","modified_gmt":"2023-05-22T09:33:41","slug":"terms-conditions","status":"publish","type":"page","link":"https:\/\/piccolo-studio.com\/es\/terms-conditions","title":{"rendered":"T\u00e9rminos y Condiciones"},"content":{"rendered":"<p class=\"translation-block\">El titular de la plataforma online y del dominio web www.piccolo-studio.com (en adelante, el <strong>\u201cSitio Web\u201d<\/strong> ) es la empresa espa\u00f1ola PICCOLO, SL, con domicilio social en Calle Balmes, 206, 5\u00ba 2\u00aa, 08006, Barcelona (Espa\u00f1a ), inscrita en el Registro Mercantil de Barcelona en el libro 99, tomo 45015, hoja B-474355, y titular del CIF B66612235 (en adelante, <strong>\u201c PICCOLO\u201d<\/strong>).<\/p>\n\n\n\n<p>Direcci\u00f3n de correo electr\u00f3nico de contacto: info@piccolo-studio.com<\/p>\n\n\n\n<ol class=\"wp-block-list\">\n<li><strong>Definiciones<\/strong><br>A los efectos de estos T\u00e9rminos y Condiciones (en lo sucesivo, \"T&amp;C\"), se aplicar\u00e1n las siguientes definiciones:<br>\n<ol class=\"wp-block-list\">\n<li><strong>Usuario:<\/strong>\u00a0Cualquier persona o entidad que pueda utilizar el siguiente sitio web www.piccolo-studio.com.<br><\/li>\n\n\n\n<li><strong>Marca:<\/strong>\u00a0Entidad, productos y\/o Servicios claramente identificados en el mercado, distribuidos a trav\u00e9s de tiendas insignia o en espacios multimarca.<br><\/li>\n\n\n\n<li><strong>PICCOLO:<\/strong>\u00a0La empresa espa\u00f1ola titular del Sitio Web, dominio, tecnolog\u00eda y Servicios, as\u00ed como, en su caso, Empresas del Grupo o empresas filiales.<br><\/li>\n\n\n\n<li><strong>Sitio Web:<\/strong>\u00a0Interfaz a trav\u00e9s de la cual los Usuarios tienen acceso al Sitio Web que puede ser a trav\u00e9s de www.piccolo-studio.com.<br><\/li>\n\n\n\n<li><strong>Servicio:<\/strong>\u00a0Los Servicios que presta PICCOLO a sus Usuarios a trav\u00e9s del Sitio Web. Los servicios se pueden actualizar, agregar o eliminar en cualquier momento a discreci\u00f3n de PICCOLO.<br><\/li>\n\n\n\n<li><strong>Estas Reglas y otras Reglas:<\/strong>\u00a0Estos T&amp;C y todas las dem\u00e1s Reglas o Directrices establecidas por PICCOLO, incluidas las Cookies y la Pol\u00edtica de Privacidad del Sitio Web.<br><\/li>\n<\/ol>\n<\/li>\n\n\n\n<li><strong>Objeto<\/strong><br>\n<ol class=\"wp-block-list\">\n<li>Estos T&amp;C establecen las normas bajo las cuales PICCOLO permite a sus Usuarios acceder a sus servicios. Al acceder al Sitio Web, acepta estos T&amp;C. El acceso y navegaci\u00f3n web del Sitio est\u00e1 sujeto a estos T&amp;C, si no est\u00e1 de acuerdo, entiende o no se siente c\u00f3modo con alguna de sus cl\u00e1usulas, por favor evite el uso del Sitio Web, incluso con fines informativos. En caso de duda p\u00f3ngase en contacto con nosotros y resolveremos cualquier duda relativa al uso del Sitio Web o de nuestros Servicios.<br><\/li>\n\n\n\n<li>Al aceptar estos T\u00e9rminos y Condiciones, declaras que:\n<ol class=\"wp-block-list\">\n<li>Ha le\u00eddo y entendido estos T&amp;C.<\/li>\n\n\n\n<li>Usted reconoce las obligaciones en este documento.<\/li>\n\n\n\n<li>Eres mayor de edad y tienes la capacidad legal para utilizar los Servicios.<br><\/li>\n<\/ol>\n<\/li>\n\n\n\n<li>Usted reconoce y acepta que PICCOLO puede, en cualquier momento, incluir o modificar las caracter\u00edsticas de sus Servicios.<br><\/li>\n<\/ol>\n<\/li>\n\n\n\n<li><strong>Obligaciones del usuario<\/strong><br>\n<ol class=\"wp-block-list\">\n<li>El Usuario ser\u00e1 responsable, de la custodia y confidencialidad de los datos de la cuenta, y de negar el acceso a su ordenador personal o dispositivos, asumiendo en consecuencia, los da\u00f1os y perjuicios que pudieran ocasionarse por su mal uso, transmisi\u00f3n, divulgaci\u00f3n o extracci\u00f3n.<br><\/li>\n\n\n\n<li>Los usuarios se comprometen a utilizar el Sitio Web de conformidad con la Ley, la moral, la aplicaci\u00f3n de la Ley y estos T&amp;C. Asimismo; se comprometen a utilizar el Servicio de forma adecuada y a no utilizarlo con fines il\u00edcitos o ilegales.<br><\/li>\n<\/ol>\n<\/li>\n\n\n\n<li><strong>Exenciones de responsabilidad<\/strong><br>\n<ol class=\"wp-block-list\">\n<li>Los usuarios pueden contactar con PICCOLO en relaci\u00f3n con cualquier contenido y descripci\u00f3n del Sitio Web, pol\u00edtica de privacidad y cualquier otro asunto de su inter\u00e9s.<br><\/li>\n\n\n\n<li>Recomendamos encarecidamente no hacer clic en ning\u00fan enlace ni descargar ning\u00fan programa o archivo ofrecido o publicado por terceros. PICCOLO no tiene ning\u00fan control sobre el contenido o los sitios web de terceros.<br><\/li>\n\n\n\n<li>Usted acepta y acepta que PICCOLO no es responsable de los da\u00f1os causados \u200b\u200bpor una interrupci\u00f3n del sistema, retraso, suspensi\u00f3n o p\u00e9rdida de datos, fallas en el equipo, acceso no autorizado a sus datos o da\u00f1os causados \u200b\u200bpor usted en relaci\u00f3n con el uso del servicio, no obstante PICCOLO desarrollar\u00e1 la m\u00e1xima diligencia para la pronta resoluci\u00f3n de estos asuntos.<br><\/li>\n\n\n\n<li>PICCOLO no garantiza el contenido de los correos electr\u00f3nicos enviados desde\/al Sitio Web.<br><\/li>\n\n\n\n<li>PICCOLO no se hace responsable de las p\u00e9rdidas o da\u00f1os que resulten del incumplimiento de estos T&amp;C por parte de un Usuario.<br><\/li>\n\n\n\n<li>PICCOLO no se hace responsable de las p\u00e9rdidas o da\u00f1os causados, directa o indirectamente, por la suspensi\u00f3n o interrupci\u00f3n del Servicio.<br><\/li>\n<\/ol>\n<\/li>\n\n\n\n<li><strong>Actos prohibidos<\/strong><br>\n<ol class=\"wp-block-list\">\n<li>Al utilizar los servicios de PICCOLO, acepta no realizar lo siguiente:<br>\n<ol class=\"wp-block-list\">\n<li>Acciones contra la Ley o contra acuerdos suscritos entre las partes, incluyendo pero no limitado a estos T&amp;C;<br><\/li>\n\n\n\n<li>Acciones que violen los derechos, intereses o reputaci\u00f3n de PICCOLO o de terceros;<br><\/li>\n\n\n\n<li>Participar en actividades que puedan afectar el desarrollo f\u00edsico o mental de los ni\u00f1os o atenten contra el orden p\u00fablico o la moral;<br><\/li>\n\n\n\n<li>Participar en actividades que puedan interferir o herir los sentimientos de otros usuarios o de terceros;<br><\/li>\n\n\n\n<li>Proporcionar informaci\u00f3n falsa;<br><\/li>\n\n\n\n<li>Enviar virus, malware o causar da\u00f1os electr\u00f3nicos a trav\u00e9s de programas inform\u00e1ticos o correos electr\u00f3nicos;<br><\/li>\n\n\n\n<li>Acceder a equipos inform\u00e1ticos propiedad o gestionados por PICCOLO sin autorizaci\u00f3n.<br><\/li>\n<\/ol>\n<\/li>\n\n\n\n<li>Cuando un Usuario incumpla cualquiera de estas obligaciones o cuando lo considere necesario, PICCOLO suspender\u00e1 o cancelar\u00e1 una cuenta o Servicio sin comunicaci\u00f3n previa.<br><\/li>\n\n\n\n<li>El usuario se compromete a mantener a PICCOLO libre de responsabilidad en cualquier reclamo, multa, pena o sanci\u00f3n que resulte del incumplimiento de los T&amp;C o de la realizaci\u00f3n de un acto prohibido, reserv\u00e1ndose su derecho a solicitar una indemnizaci\u00f3n por los da\u00f1os y perjuicios que corresponda.<br><\/li>\n<\/ol>\n<\/li>\n\n\n\n<li><strong>Derechos de autor, derechos de PI y derechos de bases de datos<\/strong><br>\n<ol class=\"wp-block-list\">\n<li>PICCOLO es titular y propietario del dominio, marca, r\u00f3tulos, sitio web y contenidos, incluidos los textos o im\u00e1genes del Sitio Web, a excepci\u00f3n de los contenidos publicados por terceros que hayan aceptado su publicaci\u00f3n para los fines correspondientes.<br><\/li>\n\n\n\n<li>No se permite la utilizaci\u00f3n, reproducci\u00f3n, copia, transformaci\u00f3n o transmisi\u00f3n de los contenidos publicados en el Sitio Web, sin la previa autorizaci\u00f3n por escrito de su titular, ni el uso de herramientas o robots de b\u00fasqueda o extracci\u00f3n de datos. Tampoco est\u00e1 permitida, sin el previo consentimiento por escrito de la empresa, la publicaci\u00f3n de una base de datos cuando su contenido sea una copia de los servicios de PICCOLO. Si tiene alguna duda sobre la titularidad de los contenidos, servicios o prestaciones del Sitio Web, p\u00f3ngase en contacto con PICCOLO.<br><\/li>\n\n\n\n<li>La condici\u00f3n de Usuario no otorga ning\u00fan derecho de propiedad intelectual sobre las obras y contenidos del Sitio Web.<br><\/li>\n\n\n\n<li>PICCOLO no se hace responsable del contenido publicado por terceros.<br><\/li>\n<\/ol>\n<\/li>\n\n\n\n<li><strong>Cookies y Pol\u00edtica de Privacida<\/strong><br>\n<ol class=\"wp-block-list\">\n<li>Para utilizar nuestro servicio es necesario aceptar previamente la Pol\u00edtica de Privacidad y el uso de cookies.<br><\/li>\n<\/ol>\n<\/li>\n\n\n\n<li><strong>Nulidad e ineficacia de las cl\u00e1usulas<\/strong><br>\n<ol class=\"wp-block-list\">\n<li>Si alguna de las cl\u00e1usulas incluidas en estos T&amp;C fuera declarada total o parcialmente, nula o ineficaz, tal nulidad o ineficacia s\u00f3lo afectar\u00e1 a esa cl\u00e1usula o a la parte inv\u00e1lida de esa cl\u00e1usula, subsistiendo todas las dem\u00e1s cl\u00e1usulas que forman parte de estos T&amp;C, consider\u00e1ndose dicha cl\u00e1usula total o parcialmente no incluidos.<br><\/li>\n<\/ol>\n<\/li>\n\n\n\n<li><strong>Actualizaci\u00f3n de estos T&amp;C<\/strong><br>\n<ol class=\"wp-block-list\">\n<li>PICCOLO revisar\u00e1 peri\u00f3dicamente estos T&amp;C. Cuando PICCOLO incluya o modifique alguna de sus disposiciones, la actualizaci\u00f3n ser\u00e1 efectiva inmediatamente despu\u00e9s de su publicaci\u00f3n en el Sitio Web. Las modificaciones incluidas en estos T&amp;C no tendr\u00e1n car\u00e1cter retroactivo.<br><\/li>\n\n\n\n<li>Usted reconoce y acepta estar sujeto a los T&amp;C aplicables del sitio web en cualquier momento y acepta ejecutarlos y cumplirlos.<br><\/li>\n\n\n\n<li>Si PICCOLO asigna a un tercero como titular de las \u00faltimas versiones de los T&amp;C, las partes reconocen como \u00fanica versi\u00f3n v\u00e1lida de dichos T&amp;C en cada momento la disponible en la base de datos de terceros.<br><\/li>\n<\/ol>\n<\/li>\n\n\n\n<li><strong>Ley aplicable y jurisdicci\u00f3n<\/strong><br>\n<ol class=\"wp-block-list\">\n<li>Estos T&amp;C se regir\u00e1n e interpretar\u00e1n por la Ley espa\u00f1ola.<br><\/li>\n\n\n\n<li>Las partes acuerdan someter, a su elecci\u00f3n, la resoluci\u00f3n de sus conflictos a los juzgados y tribunales del domicilio de los Usuarios y renuncian a cualquier otro fuero.<\/li>\n<\/ol>\n<\/li>\n<\/ol>","protected":false},"excerpt":{"rendered":"<p>The owner of the online platform and the web domain www.piccolo-studio.com (hereinafter, the&nbsp;\u201cWebsite\u201d) is the Spanish company PICCOLO, S.L., with registered address in Calle Balmes, 206, 5\u00ba&hellip; <span class=\"read-more\"><a class=\"more-link\" href=\"https:\/\/piccolo-studio.com\/es\/terms-conditions\" rel=\"bookmark\">Leer m\u00e1s <span class=\"screen-reader-text\">&#8220;Terms &#038; Conditions&#8221;<\/span><\/a><\/span><\/p>","protected":false},"author":1,"featured_media":221,"parent":0,"menu_order":0,"comment_status":"closed","ping_status":"closed","template":"","meta":{"footnotes":""},"class_list":["post-208","page","type-page","status-publish","has-post-thumbnail","hentry"],"jetpack_sharing_enabled":true,"_links":{"self":[{"href":"https:\/\/piccolo-studio.com\/es\/wp-json\/wp\/v2\/pages\/208","targetHints":{"allow":["GET"]}}],"collection":[{"href":"https:\/\/piccolo-studio.com\/es\/wp-json\/wp\/v2\/pages"}],"about":[{"href":"https:\/\/piccolo-studio.com\/es\/wp-json\/wp\/v2\/types\/page"}],"author":[{"embeddable":true,"href":"https:\/\/piccolo-studio.com\/es\/wp-json\/wp\/v2\/users\/1"}],"replies":[{"embeddable":true,"href":"https:\/\/piccolo-studio.com\/es\/wp-json\/wp\/v2\/comments?post=208"}],"version-history":[{"count":3,"href":"https:\/\/piccolo-studio.com\/es\/wp-json\/wp\/v2\/pages\/208\/revisions"}],"predecessor-version":[{"id":288,"href":"https:\/\/piccolo-studio.com\/es\/wp-json\/wp\/v2\/pages\/208\/revisions\/288"}],"wp:featuredmedia":[{"embeddable":true,"href":"https:\/\/piccolo-studio.com\/es\/wp-json\/wp\/v2\/media\/221"}],"wp:attachment":[{"href":"https:\/\/piccolo-studio.com\/es\/wp-json\/wp\/v2\/media?parent=208"}],"curies":[{"name":"wp","href":"https:\/\/api.w.org\/{rel}","templated":true}]}}